{"id":2691,"date":"2025-03-21T11:17:31","date_gmt":"2025-03-21T10:17:31","guid":{"rendered":"https:\/\/www.ovicty.com\/?page_id=2691"},"modified":"2025-11-28T10:52:17","modified_gmt":"2025-11-28T09:52:17","slug":"a-propos","status":"publish","type":"page","link":"https:\/\/www.ovicty.com\/index.php\/a-propos\/","title":{"rendered":"\u00e0 propos"},"content":{"rendered":"\t\t<div data-elementor-type=\"wp-page\" data-elementor-id=\"2691\" class=\"elementor elementor-2691\">\n\t\t\t\t\t\t\t\t\t<section class=\"elementor-section elementor-top-section elementor-element elementor-element-tigqtjf elementor-section-content-middle elementor-section-boxed elementor-section-height-default elementor-section-height-default\" data-id=\"tigqtjf\" data-element_type=\"section\" data-settings=\"{&quot;background_background&quot;:&quot;classic&quot;}\">\n\t\t\t\t\t\t<div class=\"elementor-container elementor-column-gap-default\">\n\t\t\t\t\t<div class=\"elementor-column elementor-col-50 elementor-top-column elementor-element elementor-element-43c79be\" data-id=\"43c79be\" data-element_type=\"column\">\n\t\t\t<div class=\"elementor-widget-wrap elementor-element-populated\">\n\t\t\t\t\t\t\t\t<div class=\"elementor-element elementor-element-9535984 elementor-widget elementor-widget-image\" data-id=\"9535984\" data-element_type=\"widget\" data-widget_type=\"image.default\">\n\t\t\t\t<div class=\"elementor-widget-container\">\n\t\t\t<style>\/*! elementor - v3.11.1 - 15-02-2023 *\/\n.elementor-widget-image{text-align:center}.elementor-widget-image a{display:inline-block}.elementor-widget-image a img[src$=\".svg\"]{width:48px}.elementor-widget-image img{vertical-align:middle;display:inline-block}<\/style>\t\t\t\t\t\t\t\t\t\t\t\t<img loading=\"lazy\" decoding=\"async\" width=\"1024\" height=\"1024\" src=\"https:\/\/www.ovicty.com\/wp-content\/uploads\/2025\/03\/Sticker_Rond_V4_RVB-1024x1024.png\" class=\"attachment-large size-large wp-image-2725\" alt=\"\" srcset=\"https:\/\/www.ovicty.com\/wp-content\/uploads\/2025\/03\/Sticker_Rond_V4_RVB-1024x1024.png 1024w, https:\/\/www.ovicty.com\/wp-content\/uploads\/2025\/03\/Sticker_Rond_V4_RVB-300x300.png 300w, https:\/\/www.ovicty.com\/wp-content\/uploads\/2025\/03\/Sticker_Rond_V4_RVB-150x150.png 150w, https:\/\/www.ovicty.com\/wp-content\/uploads\/2025\/03\/Sticker_Rond_V4_RVB-768x768.png 768w, https:\/\/www.ovicty.com\/wp-content\/uploads\/2025\/03\/Sticker_Rond_V4_RVB-1536x1536.png 1536w, https:\/\/www.ovicty.com\/wp-content\/uploads\/2025\/03\/Sticker_Rond_V4_RVB-600x600.png 600w, https:\/\/www.ovicty.com\/wp-content\/uploads\/2025\/03\/Sticker_Rond_V4_RVB-100x100.png 100w, https:\/\/www.ovicty.com\/wp-content\/uploads\/2025\/03\/Sticker_Rond_V4_RVB.png 2048w\" sizes=\"(max-width: 1024px) 100vw, 1024px\" \/>\t\t\t\t\t\t\t\t\t\t\t\t\t\t\t<\/div>\n\t\t\t\t<\/div>\n\t\t\t\t<div class=\"elementor-element elementor-element-cc2ccce elementor-widget elementor-widget-image\" data-id=\"cc2ccce\" data-element_type=\"widget\" data-widget_type=\"image.default\">\n\t\t\t\t<div class=\"elementor-widget-container\">\n\t\t\t\t\t\t\t\t\t\t\t\t\t\t\t<img loading=\"lazy\" decoding=\"async\" width=\"768\" height=\"563\" src=\"https:\/\/www.ovicty.com\/wp-content\/uploads\/2025\/03\/Signature-1-768x563.png\" class=\"attachment-medium_large size-medium_large wp-image-2730\" alt=\"\" srcset=\"https:\/\/www.ovicty.com\/wp-content\/uploads\/2025\/03\/Signature-1-768x563.png 768w, https:\/\/www.ovicty.com\/wp-content\/uploads\/2025\/03\/Signature-1-300x220.png 300w, https:\/\/www.ovicty.com\/wp-content\/uploads\/2025\/03\/Signature-1-600x440.png 600w, https:\/\/www.ovicty.com\/wp-content\/uploads\/2025\/03\/Signature-1.png 773w\" sizes=\"(max-width: 768px) 100vw, 768px\" \/>\t\t\t\t\t\t\t\t\t\t\t\t\t\t\t<\/div>\n\t\t\t\t<\/div>\n\t\t\t\t<div class=\"elementor-element elementor-element-157ada7 elementor-widget elementor-widget-heading\" data-id=\"157ada7\" data-element_type=\"widget\" data-widget_type=\"heading.default\">\n\t\t\t\t<div class=\"elementor-widget-container\">\n\t\t\t<style>\/*! elementor - v3.11.1 - 15-02-2023 *\/\n.elementor-heading-title{padding:0;margin:0;line-height:1}.elementor-widget-heading .elementor-heading-title[class*=elementor-size-]>a{color:inherit;font-size:inherit;line-height:inherit}.elementor-widget-heading .elementor-heading-title.elementor-size-small{font-size:15px}.elementor-widget-heading .elementor-heading-title.elementor-size-medium{font-size:19px}.elementor-widget-heading .elementor-heading-title.elementor-size-large{font-size:29px}.elementor-widget-heading .elementor-heading-title.elementor-size-xl{font-size:39px}.elementor-widget-heading .elementor-heading-title.elementor-size-xxl{font-size:59px}<\/style><h3 class=\"elementor-heading-title elementor-size-medium\">Artiste<\/h3>\t\t<\/div>\n\t\t\t\t<\/div>\n\t\t\t\t<div class=\"elementor-element elementor-element-02ec5eb elementor-align-center elementor-widget elementor-widget-button\" data-id=\"02ec5eb\" data-element_type=\"widget\" data-widget_type=\"button.default\">\n\t\t\t\t<div class=\"elementor-widget-container\">\n\t\t\t\t\t<div class=\"elementor-button-wrapper\">\n\t\t\t<a href=\"https:\/\/www.ovicty.com\/index.php\/contact\/\" class=\"elementor-button-link elementor-button elementor-size-sm\" role=\"button\">\n\t\t\t\t\t\t<span class=\"elementor-button-content-wrapper\">\n\t\t\t\t\t\t<span class=\"elementor-button-text\">Contactez moi<\/span>\n\t\t<\/span>\n\t\t\t\t\t<\/a>\n\t\t<\/div>\n\t\t\t\t<\/div>\n\t\t\t\t<\/div>\n\t\t\t\t\t<\/div>\n\t\t<\/div>\n\t\t\t\t<div class=\"elementor-column elementor-col-50 elementor-top-column elementor-element elementor-element-64ee59e\" data-id=\"64ee59e\" data-element_type=\"column\">\n\t\t\t<div class=\"elementor-widget-wrap elementor-element-populated\">\n\t\t\t\t\t\t\t\t<div class=\"elementor-element elementor-element-3ebf37e elementor-widget elementor-widget-text-editor\" data-id=\"3ebf37e\" data-element_type=\"widget\" data-widget_type=\"text-editor.default\">\n\t\t\t\t<div class=\"elementor-widget-container\">\n\t\t\t<style>\/*! elementor - v3.11.1 - 15-02-2023 *\/\n.elementor-widget-text-editor.elementor-drop-cap-view-stacked .elementor-drop-cap{background-color:#818a91;color:#fff}.elementor-widget-text-editor.elementor-drop-cap-view-framed .elementor-drop-cap{color:#818a91;border:3px solid;background-color:transparent}.elementor-widget-text-editor:not(.elementor-drop-cap-view-default) .elementor-drop-cap{margin-top:8px}.elementor-widget-text-editor:not(.elementor-drop-cap-view-default) .elementor-drop-cap-letter{width:1em;height:1em}.elementor-widget-text-editor .elementor-drop-cap{float:left;text-align:center;line-height:1;font-size:50px}.elementor-widget-text-editor .elementor-drop-cap-letter{display:inline-block}<\/style>\t\t\t\t<p>Artiste contemporain et cartographe fran\u00e7ais, je suis inspir\u00e9 par l\u2019abstraction g\u00e9om\u00e9trique et le street-art. \u00c0 travers mon travail, j\u2019explore l\u2019appropriation et le d\u00e9tournement d\u2019objets du quotidien pour r\u00e9v\u00e9ler leur potentiel insoup\u00e7onn\u00e9 et raconter de nouvelles histoires visuelles.&nbsp;<\/p>\t\t\t\t\t\t<\/div>\n\t\t\t\t<\/div>\n\t\t\t\t<div class=\"elementor-element elementor-element-0d7586d elementor-widget elementor-widget-text-editor\" data-id=\"0d7586d\" data-element_type=\"widget\" data-widget_type=\"text-editor.default\">\n\t\t\t\t<div class=\"elementor-widget-container\">\n\t\t\t\t\t\t\t<p>Mon univers artistique s\u2019articule principalement autour de la <b>cartographie<\/b>, qui se lib\u00e8re de sa fonction utilitaire pour devenir une vision r\u00e9interpr\u00e9t\u00e9e du monde, oscillant entre r\u00e9flexion et imaginaire. Les <b>formes g\u00e9om\u00e9triques<\/b> et les <b>couleurs vives<\/b> sont inh\u00e9rentes \u00e0 mon univers. J\u2019explore mes cr\u00e9ations avec des <b>mat\u00e9riaux<\/b> bruts et non conventionnels (bois, m\u00e9tal, plastique, murs &#8230;) que je combine \u00e0 des <b>techniques mixtes<\/b> (peinture, collage, digital &#8230;). Symbole du mouvement et de la libert\u00e9, la planche de skateboard en bois est mon support de pr\u00e9dilection.<\/p>\n<p>Autodidacte depuis la premi\u00e8re heure, j\u2019ai diversifi\u00e9 les m\u00e9diums au fil du temps. J\u2019ai int\u00e9gr\u00e9 le digital pour redessiner mes \u0153uvres sous forme d\u2019affiches, puis j\u2019ai commenc\u00e9 \u00e0 cr\u00e9er directement des \u0153uvres num\u00e9riques, incluant de l\u2019animation 2D. Je suis guid\u00e9 par la qu\u00eate constante d\u2019innover \u00e0 chaque nouvelle \u0153uvre. D\u2019autres supports et leurs v\u00e9cus sont venus enrichir mon univers par la suite : snowboard, panneau de signalisation, fresques ou casque de v\u00e9lo&#8230;<\/p>\n<p>En d\u00e9tournant des objets standardis\u00e9s et norm\u00e9s, j\u2019invite \u00e0 r\u00e9inventer notre regard sur les objets et espaces du quotidien \u00e0 travers la r\u00eaverie.&nbsp;<\/p><p><b>Mon art est une invitation \u00e0 la contemplation.<\/b><\/p>\t\t\t\t\t\t<\/div>\n\t\t\t\t<\/div>\n\t\t\t\t\t<\/div>\n\t\t<\/div>\n\t\t\t\t\t\t\t<\/div>\n\t\t<\/section>\n\t\t\t\t<section class=\"elementor-section elementor-top-section elementor-element elementor-element-orns55f elementor-section-content-middle elementor-section-boxed elementor-section-height-default elementor-section-height-default\" data-id=\"orns55f\" data-element_type=\"section\" data-settings=\"{&quot;background_background&quot;:&quot;classic&quot;}\">\n\t\t\t\t\t\t\t<div class=\"elementor-background-overlay\"><\/div>\n\t\t\t\t\t\t\t<div class=\"elementor-container elementor-column-gap-no\">\n\t\t\t\t\t<div class=\"elementor-column elementor-col-50 elementor-top-column elementor-element elementor-element-1f377f6\" data-id=\"1f377f6\" data-element_type=\"column\">\n\t\t\t<div class=\"elementor-widget-wrap elementor-element-populated\">\n\t\t\t\t\t\t\t\t<div class=\"elementor-element elementor-element-e78335d elementor-widget elementor-widget-heading\" data-id=\"e78335d\" data-element_type=\"widget\" data-widget_type=\"heading.default\">\n\t\t\t\t<div class=\"elementor-widget-container\">\n\t\t\t<h3 class=\"elementor-heading-title elementor-size-default\">Le skate comme inspiration<\/h3>\t\t<\/div>\n\t\t\t\t<\/div>\n\t\t\t\t<div class=\"elementor-element elementor-element-51a22ff elementor-widget elementor-widget-text-editor\" data-id=\"51a22ff\" data-element_type=\"widget\" data-widget_type=\"text-editor.default\">\n\t\t\t\t<div class=\"elementor-widget-container\">\n\t\t\t\t\t\t\t<p>Skateur depuis plus de 20 ans, le skate est une source d\u2019inspiration. Au-del\u00e0 de la pratique, j\u2019ai commenc\u00e9 \u00e0 peindre mes planches us\u00e9es pour leur donner une deuxi\u00e8me vie d\u00e8s 2012. \u00c0 partir de 2018, mon rythme de cr\u00e9ation s\u2019est intensifi\u00e9, prenant une place grandissante dans ma vie. J\u2019aime particuli\u00e8rement travailler sur le bois des planches, avec leur surface incurv\u00e9e et souvent us\u00e9e. La forme allong\u00e9e offre \u00e9galement une perspective diff\u00e9rente.\u00a0<\/p>\t\t\t\t\t\t<\/div>\n\t\t\t\t<\/div>\n\t\t\t\t\t<\/div>\n\t\t<\/div>\n\t\t\t\t<div class=\"elementor-column elementor-col-50 elementor-top-column elementor-element elementor-element-d5abc8a\" data-id=\"d5abc8a\" data-element_type=\"column\">\n\t\t\t<div class=\"elementor-widget-wrap elementor-element-populated\">\n\t\t\t\t\t\t\t\t<div class=\"elementor-element elementor-element-78825ce elementor-widget elementor-widget-image\" data-id=\"78825ce\" data-element_type=\"widget\" data-widget_type=\"image.default\">\n\t\t\t\t<div class=\"elementor-widget-container\">\n\t\t\t\t\t\t\t\t\t\t\t\t\t\t\t<img loading=\"lazy\" decoding=\"async\" width=\"1056\" height=\"704\" src=\"https:\/\/www.ovicty.com\/wp-content\/uploads\/2025\/03\/WEB-Un-equilibre-incertain-OVICTY-Photo-1.png\" class=\"attachment-full size-full wp-image-2657\" alt=\"\" srcset=\"https:\/\/www.ovicty.com\/wp-content\/uploads\/2025\/03\/WEB-Un-equilibre-incertain-OVICTY-Photo-1.png 1056w, https:\/\/www.ovicty.com\/wp-content\/uploads\/2025\/03\/WEB-Un-equilibre-incertain-OVICTY-Photo-1-300x200.png 300w, https:\/\/www.ovicty.com\/wp-content\/uploads\/2025\/03\/WEB-Un-equilibre-incertain-OVICTY-Photo-1-1024x683.png 1024w, https:\/\/www.ovicty.com\/wp-content\/uploads\/2025\/03\/WEB-Un-equilibre-incertain-OVICTY-Photo-1-768x512.png 768w, https:\/\/www.ovicty.com\/wp-content\/uploads\/2025\/03\/WEB-Un-equilibre-incertain-OVICTY-Photo-1-600x400.png 600w\" sizes=\"(max-width: 1056px) 100vw, 1056px\" \/>\t\t\t\t\t\t\t\t\t\t\t\t\t\t\t<\/div>\n\t\t\t\t<\/div>\n\t\t\t\t\t<\/div>\n\t\t<\/div>\n\t\t\t\t\t\t\t<\/div>\n\t\t<\/section>\n\t\t\t\t\t\t\t<\/div>\n\t\t","protected":false},"excerpt":{"rendered":"<p>Artiste Contactez moi Artiste contemporain et cartographe fran\u00e7ais, je suis inspir\u00e9 par l\u2019abstraction g\u00e9om\u00e9trique et le street-art. \u00c0 travers mon travail, j\u2019explore l\u2019appropriation et le d\u00e9tournement d\u2019objets du quotidien pour r\u00e9v\u00e9ler leur potentiel insoup\u00e7onn\u00e9 et raconter de nouvelles histoires visuelles.&nbsp; Mon univers artistique s\u2019articule principalement autour de la cartographie, qui se lib\u00e8re de sa fonction &hellip;<\/p>\n<p class=\"read-more\"> <a class=\"\" href=\"https:\/\/www.ovicty.com\/index.php\/a-propos\/\"> <span class=\"screen-reader-text\">\u00e0 propos<\/span> Lire la suite\u00a0\u00bb<\/a><\/p>\n","protected":false},"author":1,"featured_media":0,"parent":0,"menu_order":0,"comment_status":"closed","ping_status":"closed","template":"","meta":{"_seopress_robots_primary_cat":"","site-sidebar-layout":"no-sidebar","site-content-layout":"page-builder","ast-main-header-display":"","ast-hfb-above-header-display":"","ast-hfb-below-header-display":"","ast-hfb-mobile-header-display":"","site-post-title":"disabled","ast-breadcrumbs-content":"","ast-featured-img":"disabled","footer-sml-layout":"","theme-transparent-header-meta":"","adv-header-id-meta":"","stick-header-meta":"","header-above-stick-meta":"","header-main-stick-meta":"","header-below-stick-meta":"","footnotes":""},"_links":{"self":[{"href":"https:\/\/www.ovicty.com\/index.php\/wp-json\/wp\/v2\/pages\/2691"}],"collection":[{"href":"https:\/\/www.ovicty.com\/index.php\/wp-json\/wp\/v2\/pages"}],"about":[{"href":"https:\/\/www.ovicty.com\/index.php\/wp-json\/wp\/v2\/types\/page"}],"author":[{"embeddable":true,"href":"https:\/\/www.ovicty.com\/index.php\/wp-json\/wp\/v2\/users\/1"}],"replies":[{"embeddable":true,"href":"https:\/\/www.ovicty.com\/index.php\/wp-json\/wp\/v2\/comments?post=2691"}],"version-history":[{"count":52,"href":"https:\/\/www.ovicty.com\/index.php\/wp-json\/wp\/v2\/pages\/2691\/revisions"}],"predecessor-version":[{"id":3166,"href":"https:\/\/www.ovicty.com\/index.php\/wp-json\/wp\/v2\/pages\/2691\/revisions\/3166"}],"wp:attachment":[{"href":"https:\/\/www.ovicty.com\/index.php\/wp-json\/wp\/v2\/media?parent=2691"}],"curies":[{"name":"wp","href":"https:\/\/api.w.org\/{rel}","templated":true}]}}